{"id":3,"date":"2025-06-03T08:58:34","date_gmt":"2025-06-03T08:58:34","guid":{"rendered":"https:\/\/foveaoptometriste.com\/?page_id=3"},"modified":"2025-06-04T15:31:13","modified_gmt":"2025-06-04T15:31:13","slug":"privacy-policy","status":"publish","type":"page","link":"https:\/\/foveaoptometriste.com\/en\/privacy-policy\/","title":{"rendered":"Privacy Policy"},"content":{"rendered":"<p>established by this law.<\/p>\n\n\n\n<p>Collection of Personal Information<br>We collect your personal information in a lawful, fair and transparent manner. This information may include, but is not limited to:<\/p>\n\n\n\n<p>Full name and contact details<br>Postal address and e-mail address<br>Phone number<br>Purchasing and account information<br>Use of Personal Information<br>We use your personal information to provide our services, to process your purchases, to respond to your requests and to keep you informed of our offers and promotions. Your information may also be used for internal management purposes, statistical analysis and legal compliance.<\/p>\n\n\n\n<p>Protection and Safety<br>We have implemented technical, administrative and physical security measures to protect your personal information against unauthorized access, loss, theft or misuse. We ensure that our employees are trained in data security and that our business partners also comply with confidentiality standards.<\/p>\n\n\n\n<p>Sharing Personal Information<br>We only share your personal information with third parties to the extent necessary to provide our services. This may include payment service providers, carriers for product shipment, etc. We ensure that all information sharing complies with Bill 25 and our commitment to your privacy.<\/p>\n\n\n\n<p>Consent<br>By using our services and providing your personal information, you consent to the collection, use and processing of that data in accordance with this policy. You have the right to withdraw your consent at any time by contacting us.<\/p>\n\n\n\n<p>Access and rectification<br>You have the right to access your personal information held by Greek Cane and to request its rectification if necessary. You may exercise this right by contacting us.<\/p>\n\n\n\n<p>Contact<br>If you have any questions, concerns or requests related to your personal information or our privacy policy, please contact us at info@foveaoptometriste.com.<br>Person responsible for the protection of personal information:<br>Dr. Nad\u00e8ge Charles optometrist<br>2160 Chemin du Tremblay local 105<br>J4N 1A8<br>(450)468-1844<\/p>\n\n\n\n<p>Policy modification<br>We reserve the right to change this privacy policy at any time. Any changes will be posted on our website and you will be notified of any major changes.<\/p>\n\n\n\n<p>By accepting our services, you acknowledge that you have read, understood and accepted the terms of this privacy policy.<\/p>","protected":false},"excerpt":{"rendered":"<p>\u00e9tablies par cette loi. Collecte de Renseignements PersonnelsNous recueillons vos renseignements personnels de mani\u00e8re l\u00e9gale, loyale et transparente. Ces renseignements peuvent inclure, mais ne sont pas limit\u00e9s \u00e0 : Nom, pr\u00e9nom et coordonn\u00e9esAdresse postale et adresse \u00e9lectroniqueNum\u00e9ro de t\u00e9l\u00e9phoneInformations li\u00e9es \u00e0 vos achats et \u00e0 votre compteUtilisation des Renseignements PersonnelsNous utilisons vos renseignements personnels dans &hellip; <\/p>\n<p class=\"link-more\"><a href=\"https:\/\/foveaoptometriste.com\/en\/privacy-policy\/\" class=\"more-link\">Continue reading<span class=\"screen-reader-text\"> \u00ab\u00a0Privacy Policy\u00a0\u00bb<\/span><\/a><\/p>","protected":false},"author":2,"featured_media":0,"parent":0,"menu_order":0,"comment_status":"closed","ping_status":"closed","template":"","meta":{"footnotes":""},"class_list":["post-3","page","type-page","status-publish","hentry","entry"],"_links":{"self":[{"href":"https:\/\/foveaoptometriste.com\/en\/wp-json\/wp\/v2\/pages\/3","targetHints":{"allow":["GET"]}}],"collection":[{"href":"https:\/\/foveaoptometriste.com\/en\/wp-json\/wp\/v2\/pages"}],"about":[{"href":"https:\/\/foveaoptometriste.com\/en\/wp-json\/wp\/v2\/types\/page"}],"author":[{"embeddable":true,"href":"https:\/\/foveaoptometriste.com\/en\/wp-json\/wp\/v2\/users\/2"}],"replies":[{"embeddable":true,"href":"https:\/\/foveaoptometriste.com\/en\/wp-json\/wp\/v2\/comments?post=3"}],"version-history":[{"count":1,"href":"https:\/\/foveaoptometriste.com\/en\/wp-json\/wp\/v2\/pages\/3\/revisions"}],"predecessor-version":[{"id":290,"href":"https:\/\/foveaoptometriste.com\/en\/wp-json\/wp\/v2\/pages\/3\/revisions\/290"}],"wp:attachment":[{"href":"https:\/\/foveaoptometriste.com\/en\/wp-json\/wp\/v2\/media?parent=3"}],"curies":[{"name":"wp","href":"https:\/\/api.w.org\/{rel}","templated":true}]}}